{"id":56,"date":"2021-01-21T20:42:27","date_gmt":"2021-01-21T20:42:27","guid":{"rendered":"http:\/\/bjoernklein.net\/?page_id=56"},"modified":"2026-02-15T10:46:54","modified_gmt":"2026-02-15T10:46:54","slug":"home","status":"publish","type":"page","link":"https:\/\/bjoernklein.net\/","title":{"rendered":""},"content":{"rendered":"\n<figure class=\"wp-block-image size-full\"><img loading=\"lazy\" decoding=\"async\" width=\"1280\" height=\"858\" src=\"https:\/\/www.mixedsignals.info\/wp-content\/uploads\/2024\/02\/erklaerbaer.jpeg\" alt=\"\" class=\"wp-image-290\" srcset=\"https:\/\/bjoernklein.net\/wp-content\/uploads\/2024\/02\/erklaerbaer.jpeg 1280w, https:\/\/bjoernklein.net\/wp-content\/uploads\/2024\/02\/erklaerbaer-300x201.jpeg 300w, https:\/\/bjoernklein.net\/wp-content\/uploads\/2024\/02\/erklaerbaer-1024x686.jpeg 1024w, https:\/\/bjoernklein.net\/wp-content\/uploads\/2024\/02\/erklaerbaer-768x515.jpeg 768w\" sizes=\"auto, (max-width: 1280px) 100vw, 1280px\" \/><\/figure>\n\n\n\n<p class=\"has-text-align-center\"><strong>Public Historian | Bildungsdidaktiker | Wissenschaftskommunikation  <\/strong><\/p>\n\n\n\n<p class=\"has-text-align-left\" style=\"font-size:19px\"><strong>Willkommen!<\/strong> Ich bin Dr. Bj\u00f6rn Klein, Hochschuldidaktiker am <a href=\"https:\/\/www.htw-berlin.de\/hochschule\/personen\/person\/?eid=15033\"><mark style=\"background-color:#e6fc00\" class=\"has-inline-color\">Lehrenden-Service-Center der HTW Berlin<\/mark><\/a> der HTW Berlin. Ich unterst\u00fctze Lehrende bei der Entwicklung KI-gest\u00fctzter Lehrszenarien und analysiere deren ethische und didaktische Implikationen. Dabei stelle ich Fragen, die oft vergessen werden: Welche Ideologien stecken in Bildungstechnologien? Wie gestalten wir digitale Lehre gerecht und partizipativ? Mit Erfahrung in internationalen Projekten, Wissenschaftskommunikation und diskriminierungskritischer Bildungsarbeit verbinde ich praktische Unterst\u00fctzung mit kritischer Reflexion.<\/p>\n\n\n\n<p><strong>Was ich mache:<\/strong><br>Ich konzipiere, lektoriere, redigiere, moderiere, organisiere \u2013 und sorge daf\u00fcr, dass aus Ideen gut zug\u00e4ngliche Formate werden. Dabei nutze ich meine Erfahrung aus Universit\u00e4ten, Hochschulen, Stiftungsarbeit und internationalen Projekten, um Teams zu steuern, Abl\u00e4ufe effizient zu gestalten und Wissenschaft und Gesellschaft nachhaltig ins Gespr\u00e4ch zu bringen.<\/p>\n\n\n\n<p><strong>Wissenschaftskommunikation &amp; \u00d6ffentlichkeitsarbeit:<\/strong> In <a href=\"https:\/\/www.gesellschaftswissenschaften-phfhnw.ch\/ueber-uns\/ehemalige\/bjoern-klein\/\"><mark style=\"background-color:#e6fc00\" class=\"has-inline-color\">mehreren von mir geleiteten Drittmittelprojekten<\/mark><\/a> habe ich die interne und externe Kommunikation verantwortet, inklusive Social-Media-Strategie, Budgetierung, CMS-Pflege und der Zusammenarbeit mit externen Designb\u00fcros, Journalist*innen und weiteren Stakeholdern. Meine Schwerpunkte liegen dabei auf der verst\u00e4ndlichen Aufbereitung komplexer Inhalte, dem Aufbau von Netzwerken und der Entwicklung zielgruppengerechter Formate \u2014 von Fachvortr\u00e4gen bis zu digitalen Storytelling-Projekten. Als Referent der Friedrich-Ebert-Stiftung in Berlin habe ich unter anderem <a href=\"https:\/\/library.fes.de\/pdf-files\/dialog\/14630.pdf\"><mark style=\"background-color:#e6fc00\" class=\"has-inline-color\">eine Studie zu Frauen und dem Frauenbild in rechtspopulistischen Parteien in Europa<\/mark><\/a> redigiert. Dar\u00fcber hinaus habe ich als Sprecher eines Graduiertenkollegs am Lehrstuhl von Prof. Dr. Rebekka Habermas an der Universit\u00e4t G\u00f6ttingen Veranstaltungen moderiert, Themen \u00f6ffentlich positioniert und aktiv an der Schnittstelle von Forschung und Gesellschaft gearbeitet.<\/p>\n\n\n\n<p><strong>Digitale Bildung &amp; Public History<\/strong>: Ich habe langj\u00e4hrige Erfahrung in der Entwicklung und Durchf\u00fchrung von digitalen Bildungsprojekten in der Schweiz, Deutschland und Polen. Zuletzt habe ich an der <a href=\"https:\/\/www.gesellschaftswissenschaften-phfhnw.ch\/ueber-uns\/ehemalige\/bjoern-klein\/\"><mark style=\"background-color:#e6fc00\" class=\"has-inline-color has-black-color\">P\u00e4dagogischen Hochschule FHNW<\/mark><\/a><mark style=\"background-color:rgba(0, 0, 0, 0);color:#e6fc00\" class=\"has-inline-color\"> <\/mark>in Baselland zuk\u00fcnftige Geschichtslehrer:innen der Nordwestschweiz ausgebildet. Ich habe sowohl umfassende Erfahrungen als <a href=\"https:\/\/www.youtube.com\/watch?v=i5JbZEjV9ko&amp;feature=emb_logo\" target=\"_blank\" rel=\"noreferrer noopener\"><mark style=\"background-color:#e6fc00\" class=\"has-inline-color\">Videoredakteur<\/mark><\/a>, <a href=\"https:\/\/mensch-maschine-zukunft.ch\/\"><mark style=\"background-color:#e6fc00\" class=\"has-inline-color\">Projektkoordinator<\/mark><\/a> und <mark style=\"background-color:#e6fc00\" class=\"has-inline-color\"><a href=\"https:\/\/www.doppeltuer.ch\/schulen\">Bildungsdidaktiker<\/a> <\/mark>gesammelt.<\/p>\n\n\n\n<p><strong>Forschung und Publikation: <\/strong>Meine Forschungsschwerpunkte liegen im Bereich der Digitalen Bildung, der Kulturgeschichte, der Geschlechterstudien und der Geschichte Europas und der USA. Ich habe mehrere B\u00fccher und Texte ver\u00f6ffentlicht, unter anderem die Herausgabe eines <mark style=\"background-color:#e6fc00\" class=\"has-inline-color\"><a href=\"https:\/\/www.degruyter.com\/document\/doi\/10.1515\/9783110785265\/html\">Sammelbands zu Digitalisierung und Politik<\/a><\/mark> f\u00fcr den ich eine kurze Einf\u00fchrung geschrieben habe,  einen Kurz\u00fcberblick in die <a href=\"https:\/\/www.degruyter.com\/document\/doi\/10.1515\/9783110673265-001\/html\"><mark style=\"background-color:#e6fc00\" class=\"has-inline-color\">Zukunft der Bildungslandschaft im digitalen Wandel<\/mark><\/a> und mehrere Ver\u00f6ffentlichungen in der historischen Geschlechterforschung (unter anderem in <a href=\"https:\/\/lhomme.univie.ac.at\/de\/lhomme-z-f-g\/published-to-date\/lhomme-z-f-g\/single-view-z-f-g\/news\/innenraeume-aussenraeume-22019-1\/\"><mark style=\"background-color:#e6fc00\" class=\"has-inline-color\">L`Homme<\/mark><\/a> und in der <mark style=\"background-color:#e6fc00\" class=\"has-inline-color\"><a href=\"https:\/\/www.ssoar.info\/ssoar\/bitstream\/handle\/document\/85312\/ssoar-fzg-2022-1-klein_et_al-Transsektionalitat_als_Fluchtlinie_der_Historiographie.pdf?sequence=1&amp;lnkname=ssoar-fzg-2022-1-klein_et_al-Transsektionalitat_als_Fluchtlinie_der_Historiographie.pdf\">Freiburger Zeitschrift f\u00fcr GeschlechterStudien<\/a><\/mark>).<\/p>\n\n\n\n<p><strong>Antidiskriminierungsarbeit<\/strong>: <a href=\"https:\/\/www.doppeltuer.ch\/\" target=\"_blank\" rel=\"noreferrer noopener\"><mark style=\"background-color:#e6fc00\" class=\"has-inline-color\">Im Rahmen des im Entstehen befindlichen Doppelt\u00fcr-Begegnungszentrums<\/mark> <\/a>in Lengau in der Schweiz, habe ich zuletzt digitale und analoge Schulmaterialien zur <a href=\"https:\/\/www.doppeltuer.ch\/schulen\"><mark style=\"background-color:#e6fc00\" class=\"has-inline-color\">j\u00fcdisch-christlichen Geschichte der Schweiz angefertigt<\/mark><\/a>: Ein Rahmenmodul zur j\u00fcdischen Geschichte in der Schweiz und ein Modul und eine Stadterkundsmodul zur j\u00fcdischen Geschichte in Baden.<\/p>\n\n\n\n<p>bjoernklein1 [at] gmx.de<\/p>\n\n\n\n<p>[Stand 15. Februar 2026]<\/p>\n\n\n\n<ul class=\"wp-block-social-links aligncenter is-style-logos-only is-layout-flex wp-block-social-links-is-layout-flex\"><li class=\"wp-social-link wp-social-link-linkedin  wp-block-social-link\"><a rel=\"noopener nofollow\" target=\"_blank\" href=\"https:\/\/de.linkedin.com\/in\/dr-bj\u00f6rn-klein-334310269\" class=\"wp-block-social-link-anchor\"><svg width=\"24\" height=\"24\" viewBox=\"0 0 24 24\" version=\"1.1\" xmlns=\"http:\/\/www.w3.org\/2000\/svg\" aria-hidden=\"true\" focusable=\"false\"><path d=\"M19.7,3H4.3C3.582,3,3,3.582,3,4.3v15.4C3,20.418,3.582,21,4.3,21h15.4c0.718,0,1.3-0.582,1.3-1.3V4.3 C21,3.582,20.418,3,19.7,3z M8.339,18.338H5.667v-8.59h2.672V18.338z M7.004,8.574c-0.857,0-1.549-0.694-1.549-1.548 c0-0.855,0.691-1.548,1.549-1.548c0.854,0,1.547,0.694,1.547,1.548C8.551,7.881,7.858,8.574,7.004,8.574z M18.339,18.338h-2.669 v-4.177c0-0.996-0.017-2.278-1.387-2.278c-1.389,0-1.601,1.086-1.601,2.206v4.249h-2.667v-8.59h2.559v1.174h0.037 c0.356-0.675,1.227-1.387,2.526-1.387c2.703,0,3.203,1.779,3.203,4.092V18.338z\"><\/path><\/svg><span class=\"wp-block-social-link-label screen-reader-text\">LinkedIn<\/span><\/a><\/li>\n\n<li class=\"wp-social-link wp-social-link-x  wp-block-social-link\"><a rel=\"noopener nofollow\" target=\"_blank\" href=\"https:\/\/twitter.com\/John_Doneson\" class=\"wp-block-social-link-anchor\"><svg width=\"24\" height=\"24\" viewBox=\"0 0 24 24\" version=\"1.1\" xmlns=\"http:\/\/www.w3.org\/2000\/svg\" aria-hidden=\"true\" focusable=\"false\"><path d=\"M13.982 10.622 20.54 3h-1.554l-5.693 6.618L8.745 3H3.5l6.876 10.007L3.5 21h1.554l6.012-6.989L15.868 21h5.245l-7.131-10.378Zm-2.128 2.474-.697-.997-5.543-7.93H8l4.474 6.4.697.996 5.815 8.318h-2.387l-4.745-6.787Z\" \/><\/svg><span class=\"wp-block-social-link-label screen-reader-text\">X<\/span><\/a><\/li>\n\n<li class=\"wp-social-link wp-social-link-mastodon  wp-block-social-link\"><a rel=\"noopener nofollow\" target=\"_blank\" href=\"https:\/\/mstdn.social\/@bjoernklein\" class=\"wp-block-social-link-anchor\"><svg width=\"24\" height=\"24\" viewBox=\"0 0 24 24\" version=\"1.1\" xmlns=\"http:\/\/www.w3.org\/2000\/svg\" aria-hidden=\"true\" focusable=\"false\"><path d=\"M23.193 7.879c0-5.206-3.411-6.732-3.411-6.732C18.062.357 15.108.025 12.041 0h-.076c-3.068.025-6.02.357-7.74 1.147 0 0-3.411 1.526-3.411 6.732 0 1.192-.023 2.618.015 4.129.124 5.092.934 10.109 5.641 11.355 2.17.574 4.034.695 5.535.612 2.722-.15 4.25-.972 4.25-.972l-.09-1.975s-1.945.613-4.129.539c-2.165-.074-4.449-.233-4.799-2.891a5.499 5.499 0 0 1-.048-.745s2.125.52 4.817.643c1.646.075 3.19-.097 4.758-.283 3.007-.359 5.625-2.212 5.954-3.905.517-2.665.475-6.507.475-6.507zm-4.024 6.709h-2.497V8.469c0-1.29-.543-1.944-1.628-1.944-1.2 0-1.802.776-1.802 2.312v3.349h-2.483v-3.35c0-1.536-.602-2.312-1.802-2.312-1.085 0-1.628.655-1.628 1.944v6.119H4.832V8.284c0-1.289.328-2.313.987-3.07.68-.758 1.569-1.146 2.674-1.146 1.278 0 2.246.491 2.886 1.474L12 6.585l.622-1.043c.64-.983 1.608-1.474 2.886-1.474 1.104 0 1.994.388 2.674 1.146.658.757.986 1.781.986 3.07v6.304z\"\/><\/svg><span class=\"wp-block-social-link-label screen-reader-text\">Mastodon<\/span><\/a><\/li>\n\n<li class=\"wp-social-link wp-social-link-chain  wp-block-social-link\"><a rel=\"noopener nofollow\" target=\"_blank\" href=\"https:\/\/bsky.app\/profile\/bjoernklein.bsky.social\" class=\"wp-block-social-link-anchor\"><svg width=\"24\" height=\"24\" viewBox=\"0 0 24 24\" version=\"1.1\" xmlns=\"http:\/\/www.w3.org\/2000\/svg\" aria-hidden=\"true\" focusable=\"false\"><path d=\"M15.6,7.2H14v1.5h1.6c2,0,3.7,1.7,3.7,3.7s-1.7,3.7-3.7,3.7H14v1.5h1.6c2.8,0,5.2-2.3,5.2-5.2,0-2.9-2.3-5.2-5.2-5.2zM4.7,12.4c0-2,1.7-3.7,3.7-3.7H10V7.2H8.4c-2.9,0-5.2,2.3-5.2,5.2,0,2.9,2.3,5.2,5.2,5.2H10v-1.5H8.4c-2,0-3.7-1.7-3.7-3.7zm4.6.9h5.3v-1.5H9.3v1.5z\"><\/path><\/svg><span class=\"wp-block-social-link-label screen-reader-text\">Link<\/span><\/a><\/li>\n\n<li class=\"wp-social-link wp-social-link-instagram  wp-block-social-link\"><a rel=\"noopener nofollow\" target=\"_blank\" href=\"https:\/\/instagram.com\/john_doneson\" class=\"wp-block-social-link-anchor\"><svg width=\"24\" height=\"24\" viewBox=\"0 0 24 24\" version=\"1.1\" xmlns=\"http:\/\/www.w3.org\/2000\/svg\" aria-hidden=\"true\" focusable=\"false\"><path d=\"M12,4.622c2.403,0,2.688,0.009,3.637,0.052c0.877,0.04,1.354,0.187,1.671,0.31c0.42,0.163,0.72,0.358,1.035,0.673 c0.315,0.315,0.51,0.615,0.673,1.035c0.123,0.317,0.27,0.794,0.31,1.671c0.043,0.949,0.052,1.234,0.052,3.637 s-0.009,2.688-0.052,3.637c-0.04,0.877-0.187,1.354-0.31,1.671c-0.163,0.42-0.358,0.72-0.673,1.035 c-0.315,0.315-0.615,0.51-1.035,0.673c-0.317,0.123-0.794,0.27-1.671,0.31c-0.949,0.043-1.233,0.052-3.637,0.052 s-2.688-0.009-3.637-0.052c-0.877-0.04-1.354-0.187-1.671-0.31c-0.42-0.163-0.72-0.358-1.035-0.673 c-0.315-0.315-0.51-0.615-0.673-1.035c-0.123-0.317-0.27-0.794-0.31-1.671C4.631,14.688,4.622,14.403,4.622,12 s0.009-2.688,0.052-3.637c0.04-0.877,0.187-1.354,0.31-1.671c0.163-0.42,0.358-0.72,0.673-1.035 c0.315-0.315,0.615-0.51,1.035-0.673c0.317-0.123,0.794-0.27,1.671-0.31C9.312,4.631,9.597,4.622,12,4.622 M12,3 C9.556,3,9.249,3.01,8.289,3.054C7.331,3.098,6.677,3.25,6.105,3.472C5.513,3.702,5.011,4.01,4.511,4.511 c-0.5,0.5-0.808,1.002-1.038,1.594C3.25,6.677,3.098,7.331,3.054,8.289C3.01,9.249,3,9.556,3,12c0,2.444,0.01,2.751,0.054,3.711 c0.044,0.958,0.196,1.612,0.418,2.185c0.23,0.592,0.538,1.094,1.038,1.594c0.5,0.5,1.002,0.808,1.594,1.038 c0.572,0.222,1.227,0.375,2.185,0.418C9.249,20.99,9.556,21,12,21s2.751-0.01,3.711-0.054c0.958-0.044,1.612-0.196,2.185-0.418 c0.592-0.23,1.094-0.538,1.594-1.038c0.5-0.5,0.808-1.002,1.038-1.594c0.222-0.572,0.375-1.227,0.418-2.185 C20.99,14.751,21,14.444,21,12s-0.01-2.751-0.054-3.711c-0.044-0.958-0.196-1.612-0.418-2.185c-0.23-0.592-0.538-1.094-1.038-1.594 c-0.5-0.5-1.002-0.808-1.594-1.038c-0.572-0.222-1.227-0.375-2.185-0.418C14.751,3.01,14.444,3,12,3L12,3z M12,7.378 c-2.552,0-4.622,2.069-4.622,4.622S9.448,16.622,12,16.622s4.622-2.069,4.622-4.622S14.552,7.378,12,7.378z M12,15 c-1.657,0-3-1.343-3-3s1.343-3,3-3s3,1.343,3,3S13.657,15,12,15z M16.804,6.116c-0.596,0-1.08,0.484-1.08,1.08 s0.484,1.08,1.08,1.08c0.596,0,1.08-0.484,1.08-1.08S17.401,6.116,16.804,6.116z\"><\/path><\/svg><span class=\"wp-block-social-link-label screen-reader-text\">Instagram<\/span><\/a><\/li>\n\n<li class=\"wp-social-link wp-social-link-bandcamp  wp-block-social-link\"><a rel=\"noopener nofollow\" target=\"_blank\" href=\"https:\/\/bandcamp.com\/xburnx\" class=\"wp-block-social-link-anchor\"><svg width=\"24\" height=\"24\" viewBox=\"0 0 24 24\" version=\"1.1\" xmlns=\"http:\/\/www.w3.org\/2000\/svg\" aria-hidden=\"true\" focusable=\"false\"><path d=\"M15.27 17.289 3 17.289 8.73 6.711 21 6.711 15.27 17.289\"><\/path><\/svg><span class=\"wp-block-social-link-label screen-reader-text\">Bandcamp<\/span><\/a><\/li><\/ul>\n\n\n\n<hr class=\"wp-block-separator has-css-opacity\"\/>\n\n\n\n<p class=\"has-small-font-size\"><\/p>\n\n\n\n<p><\/p>\n","protected":false},"excerpt":{"rendered":"<p>Public Historian | Bildungsdidaktiker | Wissenschaftskommunikation Willkommen! Ich bin Dr. Bj\u00f6rn Klein, Hochschuldidaktiker am Lehrenden-Service-Center der HTW Berlin der HTW Berlin. Ich unterst\u00fctze Lehrende bei der Entwicklung KI-gest\u00fctzter Lehrszenarien und analysiere deren ethische und didaktische Implikationen. Dabei stelle ich Fragen, die oft vergessen werden: Welche Ideologien stecken in Bildungstechnologien? Wie gestalten wir digitale Lehre gerecht [&hellip;]<\/p>\n","protected":false},"author":1,"featured_media":0,"parent":0,"menu_order":0,"comment_status":"closed","ping_status":"closed","template":"","meta":{"footnotes":""},"class_list":["post-56","page","type-page","status-publish","hentry"],"_links":{"self":[{"href":"https:\/\/bjoernklein.net\/index.php?rest_route=\/wp\/v2\/pages\/56","targetHints":{"allow":["GET"]}}],"collection":[{"href":"https:\/\/bjoernklein.net\/index.php?rest_route=\/wp\/v2\/pages"}],"about":[{"href":"https:\/\/bjoernklein.net\/index.php?rest_route=\/wp\/v2\/types\/page"}],"author":[{"embeddable":true,"href":"https:\/\/bjoernklein.net\/index.php?rest_route=\/wp\/v2\/users\/1"}],"replies":[{"embeddable":true,"href":"https:\/\/bjoernklein.net\/index.php?rest_route=%2Fwp%2Fv2%2Fcomments&post=56"}],"version-history":[{"count":55,"href":"https:\/\/bjoernklein.net\/index.php?rest_route=\/wp\/v2\/pages\/56\/revisions"}],"predecessor-version":[{"id":365,"href":"https:\/\/bjoernklein.net\/index.php?rest_route=\/wp\/v2\/pages\/56\/revisions\/365"}],"wp:attachment":[{"href":"https:\/\/bjoernklein.net\/index.php?rest_route=%2Fwp%2Fv2%2Fmedia&parent=56"}],"curies":[{"name":"wp","href":"https:\/\/api.w.org\/{rel}","templated":true}]}}