{"id":14,"date":"2021-01-21T17:24:34","date_gmt":"2021-01-21T17:24:34","guid":{"rendered":"http:\/\/bjoernklein.net\/?page_id=14"},"modified":"2025-01-14T13:45:58","modified_gmt":"2025-01-14T13:45:58","slug":"projekte","status":"publish","type":"page","link":"https:\/\/bjoernklein.net\/?page_id=14","title":{"rendered":"Projekte"},"content":{"rendered":"\n<ul class=\"wp-block-list\">\n<li><a href=\"https:\/\/www.doppeltuer.ch\/\" target=\"_blank\" rel=\"noreferrer noopener\">Doppelt\u00fcr<\/a> (Projektkoordination-PH, Produktion Material) \u2013 Im aargauischen Surbtal zwischen Basel und Z\u00fcrich gelegen, befinden sich die historischen D\u00f6rfer Lengnau und Endingen, in denen es eine reiche j\u00fcdisch-christliche und jahrhunderte alte Kulturgeschichte gibt. Der Verein Doppelt\u00fcr plant zu 2024 ein Begegnungszentrum und Museum zu er\u00f6ffnen. Die P\u00e4dagogische Hochschule FHNW entwickelt hierzu <a href=\"https:\/\/www.doppeltuer.ch\/schulen\" target=\"_blank\" rel=\"noreferrer noopener\">Schulmaterialien<\/a>. (ongoing)<\/li>\n<\/ul>\n\n\n\n<ul class=\"wp-block-list\">\n<li><a href=\"https:\/\/mensch-maschine-zukunft.ch\/\">DKMMZ Die\u00dfener Klausur Mensch-Maschine-Zukunft<\/a> (Operative Projektkoordination) \u2013 Die Die\u00dfener Klausur bringt digitale Expert*innen zusammen, um mit ihnen \u00fcber Themen der digitalen Zukunft zu sprechen. Das Thema der <a href=\"https:\/\/mensch-maschine-zukunft.ch\/klausur\/\" target=\"_blank\" rel=\"noreferrer noopener\">ersten Klausur 2019 <\/a>drehte sich um die allgegenw\u00e4rtige Frage was die Digitalisierung f\u00fcr die Bildung und das Bildungswesen bedeutet <a href=\"https:\/\/www.degruyter.com\/view\/title\/568832\" target=\"_blank\" rel=\"noreferrer noopener\">(Publikation)<\/a>. Die <a href=\"https:\/\/mensch-maschine-zukunft.ch\/klausur-2021\/\" target=\"_blank\" rel=\"noreferrer noopener\">zweite Klausur 2021<\/a> fand auf Fl\u00fceli-Ranft in der Schweiz statt und widmete sich dem Fokus Digitalisierung und politische Kommunikation und Bildung. (ongoing) <\/li>\n<\/ul>\n\n\n\n<ul class=\"wp-block-list\">\n<li><a href=\"http:\/\/www.odra.info\/\" target=\"_blank\" rel=\"noreferrer noopener\">#projektODRA<\/a> (Projektkoordination &amp; Videoproduktion) \u2013 Das trinationale von der Stiftung Erinnerung, Verantwortung und Zukunft, der P\u00e4dagogischen Hochschule FHNW und dem Willy Brandt Zentrum f\u00fcr Deutschland- und Europastudien der Universit\u00e4t Wroc\u0142aw (WBZ) gef\u00f6rderte Projekt hat sich zum Ziel gesetzt, mit digitalen und geschichtswissenschaftlichen Methoden, geschichtspolitische \u201cFake-News\u201d in Bezug auf das deutsch-polnische Verh\u00e4ltnis aufzusp\u00fcren und darauf zugleich allgemeinverst\u00e4ndlich zu reagieren. \u2013&gt; <a href=\"https:\/\/www.youtube.com\/watch?v=W-w7D0qR_V4\" target=\"_blank\" rel=\"noreferrer noopener\">Vorstellung im Digital Humanities Kolloquium K\u00f6ln Fr\u00fchjahr 2020<\/a>. (abgeschlossen)<\/li>\n<\/ul>\n\n\n\n<ul class=\"wp-block-list\">\n<li>Video-Interview zur Geschichte des Frauenstadtrundgang und zur AG Frauengeschichte in den 1980er Jahren in Basel mit Dr. Gaby Sutter. -&gt; <a href=\"https:\/\/www.youtube.com\/watch?v=XKedTk3yqFE\" target=\"_blank\" rel=\"noreferrer noopener\">Interview auf dem YouTube-Kanal Gesellschaftswissenschaften der PH FHNW<\/a><\/li>\n<\/ul>\n\n\n\n<hr class=\"wp-block-separator has-css-opacity is-style-dots\"\/>\n\n\n\n<h2 class=\"wp-block-heading\">Redaktionelle Betreuung \/ Buchprojekte<\/h2>\n\n\n\n<ul class=\"wp-block-list\">\n<li>Marko Demantowsky, Gerhard Lauer, Robin Schmidt, Bert te Wildt, Was macht die Digitalisierung mit den Hochschulen \u2013 Einw\u00fcrfe und Provokationen, DeGruyter Verlag, Berlin 2020. <a href=\"https:\/\/www.degruyter.com\/document\/doi\/10.1515\/9783110673265\/pdf\">Link zur Ver\u00f6ffentlichung<\/a><\/li>\n<\/ul>\n\n\n\n<ul class=\"wp-block-list\">\n<li>Elisa Gutsche, Triumph der Frauen? \u2013 The Female Face of the Far Right in Europe, Friedrich Ebert Stiftung, Berlin 2018. <a href=\"http:\/\/library.fes.de\/pdf-files\/dialog\/14630.pdf\">Link zur Ver\u00f6ffentlichung<\/a><\/li>\n<\/ul>\n\n\n\n<ul class=\"wp-block-list\">\n<li>Frederike Wapler, Die \u00d6ffnung der Ehe und ihre Folgen \u2013 Hinweise f\u00fcr eine erfolgreiche Begleitung ihrer Umsetzung, Hintergrundpapier f\u00fcr die Friedrich Ebert Stiftung, Forum Politik und Gesellschaft, Berlin 2018. <\/li>\n<\/ul>\n\n\n\n<p><br><\/p>\n","protected":false},"excerpt":{"rendered":"<p>Redaktionelle Betreuung \/ Buchprojekte<\/p>\n","protected":false},"author":1,"featured_media":329,"parent":0,"menu_order":0,"comment_status":"closed","ping_status":"closed","template":"","meta":{"footnotes":""},"class_list":["post-14","page","type-page","status-publish","has-post-thumbnail","hentry"],"_links":{"self":[{"href":"https:\/\/bjoernklein.net\/index.php?rest_route=\/wp\/v2\/pages\/14","targetHints":{"allow":["GET"]}}],"collection":[{"href":"https:\/\/bjoernklein.net\/index.php?rest_route=\/wp\/v2\/pages"}],"about":[{"href":"https:\/\/bjoernklein.net\/index.php?rest_route=\/wp\/v2\/types\/page"}],"author":[{"embeddable":true,"href":"https:\/\/bjoernklein.net\/index.php?rest_route=\/wp\/v2\/users\/1"}],"replies":[{"embeddable":true,"href":"https:\/\/bjoernklein.net\/index.php?rest_route=%2Fwp%2Fv2%2Fcomments&post=14"}],"version-history":[{"count":13,"href":"https:\/\/bjoernklein.net\/index.php?rest_route=\/wp\/v2\/pages\/14\/revisions"}],"predecessor-version":[{"id":328,"href":"https:\/\/bjoernklein.net\/index.php?rest_route=\/wp\/v2\/pages\/14\/revisions\/328"}],"wp:featuredmedia":[{"embeddable":true,"href":"https:\/\/bjoernklein.net\/index.php?rest_route=\/wp\/v2\/media\/329"}],"wp:attachment":[{"href":"https:\/\/bjoernklein.net\/index.php?rest_route=%2Fwp%2Fv2%2Fmedia&parent=14"}],"curies":[{"name":"wp","href":"https:\/\/api.w.org\/{rel}","templated":true}]}}